{"id":237,"date":"2021-10-25T01:44:07","date_gmt":"2021-10-24T23:44:07","guid":{"rendered":"https:\/\/master.themovation.com\/bellevue\/hotel\/?page_id=2017"},"modified":"2022-07-29T19:41:39","modified_gmt":"2022-07-29T17:41:39","slug":"blog","status":"publish","type":"page","link":"https:\/\/test1.flusshaus.ch\/en\/blog\/","title":{"rendered":"Blog"},"content":{"rendered":"<div data-elementor-type=\"wp-page\" data-elementor-id=\"237\" class=\"elementor elementor-237\">\n\t\t\t\t\t\t\t\t\t<section class=\"elementor-section elementor-top-section elementor-element elementor-element-16b4b39 elementor-section-height-min-height elementor-section-boxed elementor-section-height-default elementor-section-items-middle\" data-id=\"16b4b39\" data-element_type=\"section\" data-settings=\"{&quot;background_background&quot;:&quot;classic&quot;}\">\n\t\t\t\t\t\t<div class=\"elementor-container elementor-column-gap-default\">\n\t\t\t\t\t<div class=\"elementor-column elementor-col-100 elementor-top-column elementor-element elementor-element-8739b3a\" data-id=\"8739b3a\" data-element_type=\"column\">\n\t\t\t<div class=\"elementor-widget-wrap elementor-element-populated\">\n\t\t\t\t\t\t\t\t<div class=\"elementor-element elementor-element-15c32c7 elementor-widget elementor-widget-heading\" data-id=\"15c32c7\" data-element_type=\"widget\" data-widget_type=\"heading.default\">\n\t\t\t\t<div class=\"elementor-widget-container\">\n\t\t\t<h1 class=\"elementor-heading-title elementor-size-default\">BLOG<\/h1>\t\t<\/div>\n\t\t\t\t<\/div>\n\t\t\t\t\t<\/div>\n\t\t<\/div>\n\t\t\t\t\t\t\t<\/div>\n\t\t<\/section>\n\t\t\t\t<section class=\"elementor-section elementor-top-section elementor-element elementor-element-a024833 elementor-section-boxed elementor-section-height-default elementor-section-height-default\" data-id=\"a024833\" data-element_type=\"section\" data-settings=\"{&quot;background_background&quot;:&quot;classic&quot;}\">\n\t\t\t\t\t\t<div class=\"elementor-container elementor-column-gap-default\">\n\t\t\t\t\t<div class=\"elementor-column elementor-col-100 elementor-top-column elementor-element elementor-element-52a16ac\" data-id=\"52a16ac\" data-element_type=\"column\">\n\t\t\t<div class=\"elementor-widget-wrap elementor-element-populated\">\n\t\t\t\t\t\t\t\t<div class=\"elementor-element elementor-element-0108979 elementor-widget elementor-widget-spacer\" data-id=\"0108979\" data-element_type=\"widget\" data-widget_type=\"spacer.default\">\n\t\t\t\t<div class=\"elementor-widget-container\">\n\t\t\t\t\t<div class=\"elementor-spacer\">\n\t\t\t<div class=\"elementor-spacer-inner\"><\/div>\n\t\t<\/div>\n\t\t\t\t<\/div>\n\t\t\t\t<\/div>\n\t\t\t\t<div class=\"elementor-element elementor-element-439ef56 elementor-widget elementor-widget-themo-blog\" data-id=\"439ef56\" data-element_type=\"widget\" data-widget_type=\"themo-blog.default\">\n\t\t\t\t<div class=\"elementor-widget-container\">\n\t\t\t\n                                <div class=\"thmv-blog-post thmv-post-styl-2  image-alignment-\">\n                                                <div class=\"thmv-column image-alignment-\">\n                                                       <div class=\"thmv-info\">\n                                <div class=\"thmv-subheading\">\n                                                                                                             <span class=\"thmv-date\">21\/08\/2022<\/span>\n                                                                    <\/div>\n                                                                <h3 class=\"post-title\"><a href=\"https:\/\/test1.flusshaus.ch\/en\/2022\/08\/eat-meet-at-the-nomad-cafe\/\">Eat &#038; meet at the Nomad Caf\u00e9!<\/a><\/h3>\n                                <div class=\"entry-content\"><p>Ab 02. September \u00f6ffnen wir am Wochenende die T\u00fcren unseres Nomad Caf\u00e9s f\u00fcr alle Geniesser*innen, Begegnungshungrige und Alltagsnomaden. Einmal pro Monat bringen wir auch Kultur ins Nomad. Lasst Euch \u00fcberraschen! Wir freuen uns auf Euren Besuch.<\/p><\/div>\n                                <a class=\"thmv-learn-btn thmv-w-100\" href=\"https:\/\/test1.flusshaus.ch\/en\/2022\/08\/eat-meet-at-the-nomad-cafe\/\">                                                                                                             <svg width=\"16\" height=\"16\" viewbox=\"0 0 16 16\" fill=\"none\" xmlns=\"http:\/\/www.w3.org\/2000\/svg\">\n                                        <path d=\"M-0.000156792 8.92L-0.000156705 6.92L11.9998 6.92L6.49984 1.42L7.91984 -3.46194e-07L15.8398 7.92L7.91984 15.84L6.49984 14.42L11.9998 8.92L-0.000156792 8.92Z\" fill=\"#171818\"><\/path>\n                                    <\/svg>\n                                                                    <\/a>\n                            <\/div>\n                        <\/div>\n                                                <div class=\"thmv-column image-alignment-\">\n                                                       <div class=\"thmv-info\">\n                                <div class=\"thmv-subheading\">\n                                                                                                             <span class=\"thmv-date\">20\/06\/2022<\/span>\n                                                                    <\/div>\n                                                                <h3 class=\"post-title\"><a href=\"https:\/\/test1.flusshaus.ch\/en\/2022\/06\/die-aargauerzeitung-hat-uns-besucht\/\">The Aargauerzeitung visited us!<\/a><\/h3>\n                                <div class=\"entry-content\"><p>Hier findest du die Artikel aus der AZ\u00a0 &amp; dem Brugger Generalanzeiger. Viel Spass beim Lesen. \u00a0<\/p><\/div>\n                                <a class=\"thmv-learn-btn thmv-w-100\" href=\"https:\/\/test1.flusshaus.ch\/en\/2022\/06\/die-aargauerzeitung-hat-uns-besucht\/\">                                                                                                             <svg width=\"16\" height=\"16\" viewbox=\"0 0 16 16\" fill=\"none\" xmlns=\"http:\/\/www.w3.org\/2000\/svg\">\n                                        <path d=\"M-0.000156792 8.92L-0.000156705 6.92L11.9998 6.92L6.49984 1.42L7.91984 -3.46194e-07L15.8398 7.92L7.91984 15.84L6.49984 14.42L11.9998 8.92L-0.000156792 8.92Z\" fill=\"#171818\"><\/path>\n                                    <\/svg>\n                                                                    <\/a>\n                            <\/div>\n                        <\/div>\n                                                <div class=\"thmv-column image-alignment-\">\n                                                       <div class=\"thmv-info\">\n                                <div class=\"thmv-subheading\">\n                                                                                                             <span class=\"thmv-date\">20\/06\/2022<\/span>\n                                                                    <\/div>\n                                                                <h3 class=\"post-title\"><a href=\"https:\/\/test1.flusshaus.ch\/en\/2022\/06\/neueroeffnung-flusshaus-29-06-1-07-22\/\">New opening Flusshaus 29.06 - 1.07.22<\/a><\/h3>\n                                <div class=\"entry-content\"><p>The journey begins! The doors are open We are happy to show you our river oasis<\/p><\/div>\n                                <a class=\"thmv-learn-btn thmv-w-100\" href=\"https:\/\/test1.flusshaus.ch\/en\/2022\/06\/neueroeffnung-flusshaus-29-06-1-07-22\/\">                                                                                                             <svg width=\"16\" height=\"16\" viewbox=\"0 0 16 16\" fill=\"none\" xmlns=\"http:\/\/www.w3.org\/2000\/svg\">\n                                        <path d=\"M-0.000156792 8.92L-0.000156705 6.92L11.9998 6.92L6.49984 1.42L7.91984 -3.46194e-07L15.8398 7.92L7.91984 15.84L6.49984 14.42L11.9998 8.92L-0.000156792 8.92Z\" fill=\"#171818\"><\/path>\n                                    <\/svg>\n                                                                    <\/a>\n                            <\/div>\n                        <\/div>\n                                            <\/div>\n                                        <!--- Post-style-1 start end--->\n                \t\t<\/div>\n\t\t\t\t<\/div>\n\t\t\t\t\t<\/div>\n\t\t<\/div>\n\t\t\t\t\t\t\t<\/div>\n\t\t<\/section>\n\t\t\t\t\t\t\t<\/div>","protected":false},"excerpt":{"rendered":"<p>BLOG 20\/06\/2022 Die Aargauerzeitung hat uns besucht! Unter diesem Link findest du den Artikel. Viel Spass beim Lesen. https:\/\/www.aargauerzeitung.ch\/aargau\/brugg\/brugg-das-flusshaus-in-der-altstadt-ist-fertig-saniert-und-empfaengt-bald-gaeste-ld.2305991 20\/06\/2022 Neuer\u00f6ffnung Flusshaus 29.06 \u2013 1.07.22 Die Reise beginnt! Die T\u00fcren sind offen Wir zeigen euch gerne unsere Fluss-Oase<\/p>","protected":false},"author":1,"featured_media":2749,"parent":0,"menu_order":10,"comment_status":"closed","ping_status":"closed","template":"","meta":{"footnotes":""},"class_list":["post-237","page","type-page","status-publish","has-post-thumbnail","hentry"],"yoast_head":"<!-- This site is optimized with the Yoast SEO plugin v27.4 - https:\/\/yoast.com\/product\/yoast-seo-wordpress\/ -->\n<title>Blog - flusshaus.ch<\/title>\n<meta name=\"description\" content=\"Follow us on our journey. You can find news about concerts, events and more!\" \/>\n<meta name=\"robots\" content=\"index, follow, max-snippet:-1, max-image-preview:large, max-video-preview:-1\" \/>\n<link rel=\"canonical\" href=\"https:\/\/test1.flusshaus.ch\/en\/blog\/\" \/>\n<meta property=\"og:locale\" content=\"en_GB\" \/>\n<meta property=\"og:type\" content=\"article\" \/>\n<meta property=\"og:title\" content=\"Blog - flusshaus.ch\" \/>\n<meta property=\"og:description\" content=\"Follow us on our journey. You can find news about concerts, events and more!\" \/>\n<meta property=\"og:url\" content=\"https:\/\/test1.flusshaus.ch\/en\/blog\/\" \/>\n<meta property=\"og:site_name\" content=\"flusshaus.ch\" \/>\n<meta property=\"article:publisher\" content=\"https:\/\/www.facebook.com\/Flusshaus-Brugg-112696570208413\/\" \/>\n<meta property=\"article:modified_time\" content=\"2022-07-29T17:41:39+00:00\" \/>\n<meta property=\"og:image\" content=\"https:\/\/i0.wp.com\/test1.flusshaus.ch\/wp-content\/uploads\/2022\/06\/IMG_8911-scaled.jpeg?fit=2560%2C1920&ssl=1\" \/>\n\t<meta property=\"og:image:width\" content=\"2560\" \/>\n\t<meta property=\"og:image:height\" content=\"1920\" \/>\n\t<meta property=\"og:image:type\" content=\"image\/jpeg\" \/>\n<meta name=\"twitter:card\" content=\"summary_large_image\" \/>\n<meta name=\"twitter:label1\" content=\"Estimated reading time\" \/>\n\t<meta name=\"twitter:data1\" content=\"1 minute\" \/>\n<script type=\"application\/ld+json\" class=\"yoast-schema-graph\">{\"@context\":\"https:\\\/\\\/schema.org\",\"@graph\":[{\"@type\":\"WebPage\",\"@id\":\"https:\\\/\\\/test1.flusshaus.ch\\\/blog\\\/\",\"url\":\"https:\\\/\\\/test1.flusshaus.ch\\\/blog\\\/\",\"name\":\"Blog - flusshaus.ch\",\"isPartOf\":{\"@id\":\"https:\\\/\\\/test1.flusshaus.ch\\\/#website\"},\"primaryImageOfPage\":{\"@id\":\"https:\\\/\\\/test1.flusshaus.ch\\\/blog\\\/#primaryimage\"},\"image\":{\"@id\":\"https:\\\/\\\/test1.flusshaus.ch\\\/blog\\\/#primaryimage\"},\"thumbnailUrl\":\"https:\\\/\\\/i0.wp.com\\\/test1.flusshaus.ch\\\/wp-content\\\/uploads\\\/2022\\\/06\\\/IMG_8911-scaled.jpeg?fit=2560%2C1920&ssl=1\",\"datePublished\":\"2021-10-24T23:44:07+00:00\",\"dateModified\":\"2022-07-29T17:41:39+00:00\",\"description\":\"Follow us on our journey. You can find news about concerts, events and more!\",\"breadcrumb\":{\"@id\":\"https:\\\/\\\/test1.flusshaus.ch\\\/blog\\\/#breadcrumb\"},\"inLanguage\":\"en-GB\",\"potentialAction\":[{\"@type\":\"ReadAction\",\"target\":[\"https:\\\/\\\/test1.flusshaus.ch\\\/blog\\\/\"]}]},{\"@type\":\"ImageObject\",\"inLanguage\":\"en-GB\",\"@id\":\"https:\\\/\\\/test1.flusshaus.ch\\\/blog\\\/#primaryimage\",\"url\":\"https:\\\/\\\/i0.wp.com\\\/test1.flusshaus.ch\\\/wp-content\\\/uploads\\\/2022\\\/06\\\/IMG_8911-scaled.jpeg?fit=2560%2C1920&ssl=1\",\"contentUrl\":\"https:\\\/\\\/i0.wp.com\\\/test1.flusshaus.ch\\\/wp-content\\\/uploads\\\/2022\\\/06\\\/IMG_8911-scaled.jpeg?fit=2560%2C1920&ssl=1\",\"width\":2560,\"height\":1920},{\"@type\":\"BreadcrumbList\",\"@id\":\"https:\\\/\\\/test1.flusshaus.ch\\\/blog\\\/#breadcrumb\",\"itemListElement\":[{\"@type\":\"ListItem\",\"position\":1,\"name\":\"Home\",\"item\":\"https:\\\/\\\/test1.flusshaus.ch\\\/\"},{\"@type\":\"ListItem\",\"position\":2,\"name\":\"Blog\"}]},{\"@type\":\"WebSite\",\"@id\":\"https:\\\/\\\/test1.flusshaus.ch\\\/#website\",\"url\":\"https:\\\/\\\/test1.flusshaus.ch\\\/\",\"name\":\"flusshaus.ch\",\"description\":\"\",\"publisher\":{\"@id\":\"https:\\\/\\\/test1.flusshaus.ch\\\/#organization\"},\"potentialAction\":[{\"@type\":\"SearchAction\",\"target\":{\"@type\":\"EntryPoint\",\"urlTemplate\":\"https:\\\/\\\/test1.flusshaus.ch\\\/?s={search_term_string}\"},\"query-input\":{\"@type\":\"PropertyValueSpecification\",\"valueRequired\":true,\"valueName\":\"search_term_string\"}}],\"inLanguage\":\"en-GB\"},{\"@type\":\"Organization\",\"@id\":\"https:\\\/\\\/test1.flusshaus.ch\\\/#organization\",\"name\":\"flusshaus\",\"url\":\"https:\\\/\\\/test1.flusshaus.ch\\\/\",\"logo\":{\"@type\":\"ImageObject\",\"inLanguage\":\"en-GB\",\"@id\":\"https:\\\/\\\/test1.flusshaus.ch\\\/#\\\/schema\\\/logo\\\/image\\\/\",\"url\":\"https:\\\/\\\/i0.wp.com\\\/flusshaus.ch\\\/wp-content\\\/uploads\\\/2022\\\/06\\\/NOMAD_Logo-Braun_dunkler.png?fit=1531%2C1134&ssl=1\",\"contentUrl\":\"https:\\\/\\\/i0.wp.com\\\/flusshaus.ch\\\/wp-content\\\/uploads\\\/2022\\\/06\\\/NOMAD_Logo-Braun_dunkler.png?fit=1531%2C1134&ssl=1\",\"width\":1531,\"height\":1134,\"caption\":\"flusshaus\"},\"image\":{\"@id\":\"https:\\\/\\\/test1.flusshaus.ch\\\/#\\\/schema\\\/logo\\\/image\\\/\"},\"sameAs\":[\"https:\\\/\\\/www.facebook.com\\\/Flusshaus-Brugg-112696570208413\\\/\",\"https:\\\/\\\/www.instagram.com\\\/flusshaus_\\\/\"]}]}<\/script>\n<!-- \/ Yoast SEO plugin. -->","yoast_head_json":{"title":"Blog - flusshaus.ch","description":"Follow us on our journey. You can find news about concerts, events and more!","robots":{"index":"index","follow":"follow","max-snippet":"max-snippet:-1","max-image-preview":"max-image-preview:large","max-video-preview":"max-video-preview:-1"},"canonical":"https:\/\/test1.flusshaus.ch\/en\/blog\/","og_locale":"en_GB","og_type":"article","og_title":"Blog - flusshaus.ch","og_description":"Follow us on our journey. You can find news about concerts, events and more!","og_url":"https:\/\/test1.flusshaus.ch\/en\/blog\/","og_site_name":"flusshaus.ch","article_publisher":"https:\/\/www.facebook.com\/Flusshaus-Brugg-112696570208413\/","article_modified_time":"2022-07-29T17:41:39+00:00","og_image":[{"width":2560,"height":1920,"url":"https:\/\/i0.wp.com\/test1.flusshaus.ch\/wp-content\/uploads\/2022\/06\/IMG_8911-scaled.jpeg?fit=2560%2C1920&ssl=1","type":"image\/jpeg"}],"twitter_card":"summary_large_image","twitter_misc":{"Estimated reading time":"1 minute"},"schema":{"@context":"https:\/\/schema.org","@graph":[{"@type":"WebPage","@id":"https:\/\/test1.flusshaus.ch\/blog\/","url":"https:\/\/test1.flusshaus.ch\/blog\/","name":"Blog - flusshaus.ch","isPartOf":{"@id":"https:\/\/test1.flusshaus.ch\/#website"},"primaryImageOfPage":{"@id":"https:\/\/test1.flusshaus.ch\/blog\/#primaryimage"},"image":{"@id":"https:\/\/test1.flusshaus.ch\/blog\/#primaryimage"},"thumbnailUrl":"https:\/\/i0.wp.com\/test1.flusshaus.ch\/wp-content\/uploads\/2022\/06\/IMG_8911-scaled.jpeg?fit=2560%2C1920&ssl=1","datePublished":"2021-10-24T23:44:07+00:00","dateModified":"2022-07-29T17:41:39+00:00","description":"Follow us on our journey. You can find news about concerts, events and more!","breadcrumb":{"@id":"https:\/\/test1.flusshaus.ch\/blog\/#breadcrumb"},"inLanguage":"en-GB","potentialAction":[{"@type":"ReadAction","target":["https:\/\/test1.flusshaus.ch\/blog\/"]}]},{"@type":"ImageObject","inLanguage":"en-GB","@id":"https:\/\/test1.flusshaus.ch\/blog\/#primaryimage","url":"https:\/\/i0.wp.com\/test1.flusshaus.ch\/wp-content\/uploads\/2022\/06\/IMG_8911-scaled.jpeg?fit=2560%2C1920&ssl=1","contentUrl":"https:\/\/i0.wp.com\/test1.flusshaus.ch\/wp-content\/uploads\/2022\/06\/IMG_8911-scaled.jpeg?fit=2560%2C1920&ssl=1","width":2560,"height":1920},{"@type":"BreadcrumbList","@id":"https:\/\/test1.flusshaus.ch\/blog\/#breadcrumb","itemListElement":[{"@type":"ListItem","position":1,"name":"Home","item":"https:\/\/test1.flusshaus.ch\/"},{"@type":"ListItem","position":2,"name":"Blog"}]},{"@type":"WebSite","@id":"https:\/\/test1.flusshaus.ch\/#website","url":"https:\/\/test1.flusshaus.ch\/","name":"flusshaus.ch","description":"","publisher":{"@id":"https:\/\/test1.flusshaus.ch\/#organization"},"potentialAction":[{"@type":"SearchAction","target":{"@type":"EntryPoint","urlTemplate":"https:\/\/test1.flusshaus.ch\/?s={search_term_string}"},"query-input":{"@type":"PropertyValueSpecification","valueRequired":true,"valueName":"search_term_string"}}],"inLanguage":"en-GB"},{"@type":"Organization","@id":"https:\/\/test1.flusshaus.ch\/#organization","name":"flusshaus","url":"https:\/\/test1.flusshaus.ch\/","logo":{"@type":"ImageObject","inLanguage":"en-GB","@id":"https:\/\/test1.flusshaus.ch\/#\/schema\/logo\/image\/","url":"https:\/\/i0.wp.com\/flusshaus.ch\/wp-content\/uploads\/2022\/06\/NOMAD_Logo-Braun_dunkler.png?fit=1531%2C1134&ssl=1","contentUrl":"https:\/\/i0.wp.com\/flusshaus.ch\/wp-content\/uploads\/2022\/06\/NOMAD_Logo-Braun_dunkler.png?fit=1531%2C1134&ssl=1","width":1531,"height":1134,"caption":"flusshaus"},"image":{"@id":"https:\/\/test1.flusshaus.ch\/#\/schema\/logo\/image\/"},"sameAs":["https:\/\/www.facebook.com\/Flusshaus-Brugg-112696570208413\/","https:\/\/www.instagram.com\/flusshaus_\/"]}]}},"_links":{"self":[{"href":"https:\/\/test1.flusshaus.ch\/en\/wp-json\/wp\/v2\/pages\/237","targetHints":{"allow":["GET"]}}],"collection":[{"href":"https:\/\/test1.flusshaus.ch\/en\/wp-json\/wp\/v2\/pages"}],"about":[{"href":"https:\/\/test1.flusshaus.ch\/en\/wp-json\/wp\/v2\/types\/page"}],"author":[{"embeddable":true,"href":"https:\/\/test1.flusshaus.ch\/en\/wp-json\/wp\/v2\/users\/1"}],"replies":[{"embeddable":true,"href":"https:\/\/test1.flusshaus.ch\/en\/wp-json\/wp\/v2\/comments?post=237"}],"version-history":[{"count":20,"href":"https:\/\/test1.flusshaus.ch\/en\/wp-json\/wp\/v2\/pages\/237\/revisions"}],"predecessor-version":[{"id":3432,"href":"https:\/\/test1.flusshaus.ch\/en\/wp-json\/wp\/v2\/pages\/237\/revisions\/3432"}],"wp:featuredmedia":[{"embeddable":true,"href":"https:\/\/test1.flusshaus.ch\/en\/wp-json\/wp\/v2\/media\/2749"}],"wp:attachment":[{"href":"https:\/\/test1.flusshaus.ch\/en\/wp-json\/wp\/v2\/media?parent=237"}],"curies":[{"name":"wp","href":"https:\/\/api.w.org\/{rel}","templated":true}]}}